{"id":9,"date":"2025-03-25T11:40:41","date_gmt":"2025-03-25T10:40:41","guid":{"rendered":"https:\/\/koyabicenergy.com\/?page_id=9"},"modified":"2025-05-24T20:54:03","modified_gmt":"2025-05-24T18:54:03","slug":"a-propos","status":"publish","type":"page","link":"https:\/\/koyabicenergy.com\/index.php\/a-propos\/","title":{"rendered":"\u00c0 propos"},"content":{"rendered":"\t\t<div data-elementor-type=\"wp-page\" data-elementor-id=\"9\" class=\"elementor elementor-9\" data-elementor-settings=\"{&quot;ha_cmc_init_switcher&quot;:&quot;no&quot;}\">\n\t\t\t\t<div class=\"elementor-element elementor-element-13460b1 e-flex e-con-boxed wpr-particle-no wpr-jarallax-no wpr-parallax-no wpr-sticky-section-no e-con e-parent\" data-id=\"13460b1\" data-element_type=\"container\" data-e-type=\"container\" data-settings=\"{&quot;background_background&quot;:&quot;classic&quot;,&quot;_ha_eqh_enable&quot;:false}\">\n\t\t\t\t\t<div class=\"e-con-inner\">\n\t\t\t\t<div class=\"elementor-element elementor-element-ba12956 elementor-widget elementor-widget-heading\" data-id=\"ba12956\" data-element_type=\"widget\" data-e-type=\"widget\" data-widget_type=\"heading.default\">\n\t\t\t\t<div class=\"elementor-widget-container\">\n\t\t\t\t\t<h2 class=\"elementor-heading-title elementor-size-default\">Acceuil - \u00c0 Propos<\/h2>\t\t\t\t<\/div>\n\t\t\t\t<\/div>\n\t\t\t\t\t<\/div>\n\t\t\t\t<\/div>\n\t\t<div class=\"elementor-element elementor-element-f3117d7 e-flex e-con-boxed wpr-particle-no wpr-jarallax-no wpr-parallax-no wpr-sticky-section-no e-con e-parent\" data-id=\"f3117d7\" data-element_type=\"container\" data-e-type=\"container\" data-settings=\"{&quot;_ha_eqh_enable&quot;:false}\">\n\t\t\t\t\t<div class=\"e-con-inner\">\n\t\t<div class=\"elementor-element elementor-element-3adc88b e-con-full e-flex wpr-particle-no wpr-jarallax-no wpr-parallax-no wpr-sticky-section-no e-con e-child\" data-id=\"3adc88b\" data-element_type=\"container\" data-e-type=\"container\" data-settings=\"{&quot;_ha_eqh_enable&quot;:false}\">\n\t\t\t\t<div class=\"elementor-element elementor-element-1255888 elementor-widget elementor-widget-heading\" data-id=\"1255888\" data-element_type=\"widget\" data-e-type=\"widget\" data-widget_type=\"heading.default\">\n\t\t\t\t<div class=\"elementor-widget-container\">\n\t\t\t\t\t<h2 class=\"elementor-heading-title elementor-size-default\">Notre expertise<\/h2>\t\t\t\t<\/div>\n\t\t\t\t<\/div>\n\t\t\t\t<div class=\"elementor-element elementor-element-549b0ae elementor-widget elementor-widget-text-editor\" data-id=\"549b0ae\" data-element_type=\"widget\" data-e-type=\"widget\" data-widget_type=\"text-editor.default\">\n\t\t\t\t<div class=\"elementor-widget-container\">\n\t\t\t\t\t\t\t\t\t<p>Nous sommes sp\u00e9cialis\u00e9s dans la <strong data-start=\"380\" data-end=\"435\">distribution de mat\u00e9riel \u00e9lectrique et \u00e9lectronique<\/strong> pour les professionnels et les particuliers. Gr\u00e2ce \u00e0 une large gamme de produits de qualit\u00e9, issus des plus grandes marques du secteur, nous r\u00e9pondons aux exigences des secteurs industriels, tertiaires, r\u00e9sidentiels et commerciaux.<\/p>\t\t\t\t\t\t\t\t<\/div>\n\t\t\t\t<\/div>\n\t\t\t\t<\/div>\n\t\t<div class=\"elementor-element elementor-element-b2558d1 e-con-full e-flex wpr-particle-no wpr-jarallax-no wpr-parallax-no wpr-sticky-section-no e-con e-child\" data-id=\"b2558d1\" data-element_type=\"container\" data-e-type=\"container\" data-settings=\"{&quot;_ha_eqh_enable&quot;:false}\">\n\t\t\t\t<div class=\"elementor-element elementor-element-8b00895 elementor-widget elementor-widget-progress\" data-id=\"8b00895\" data-element_type=\"widget\" data-e-type=\"widget\" data-widget_type=\"progress.default\">\n\t\t\t\t<div class=\"elementor-widget-container\">\n\t\t\t\t\t\t\t\t<span class=\"elementor-title\" id=\"elementor-progress-bar-8b00895\">\n\t\t\t\tHydrolique\t\t\t<\/span>\n\t\t\n\t\t<div aria-labelledby=\"elementor-progress-bar-8b00895\" class=\"elementor-progress-wrapper\" role=\"progressbar\" aria-valuemin=\"0\" aria-valuemax=\"100\" aria-valuenow=\"60\" aria-valuetext=\"60% (Hydrolique)\">\n\t\t\t<div class=\"elementor-progress-bar\" data-max=\"60\">\n\t\t\t\t<span class=\"elementor-progress-text\">Hydrolique<\/span>\n\t\t\t\t\t\t\t\t\t<span class=\"elementor-progress-percentage\">60%<\/span>\n\t\t\t\t\t\t\t<\/div>\n\t\t<\/div>\n\t\t\t\t\t\t<\/div>\n\t\t\t\t<\/div>\n\t\t\t\t<div class=\"elementor-element elementor-element-61d8960 elementor-widget elementor-widget-progress\" data-id=\"61d8960\" data-element_type=\"widget\" data-e-type=\"widget\" data-widget_type=\"progress.default\">\n\t\t\t\t<div class=\"elementor-widget-container\">\n\t\t\t\t\t\t\t\t<span class=\"elementor-title\" id=\"elementor-progress-bar-61d8960\">\n\t\t\t\tInnstrumentation\t\t\t<\/span>\n\t\t\n\t\t<div aria-labelledby=\"elementor-progress-bar-61d8960\" class=\"elementor-progress-wrapper\" role=\"progressbar\" aria-valuemin=\"0\" aria-valuemax=\"100\" aria-valuenow=\"80\" aria-valuetext=\"80% (Innstrumentation)\">\n\t\t\t<div class=\"elementor-progress-bar\" data-max=\"80\">\n\t\t\t\t<span class=\"elementor-progress-text\">Innstrumentation<\/span>\n\t\t\t\t\t\t\t\t\t<span class=\"elementor-progress-percentage\">80%<\/span>\n\t\t\t\t\t\t\t<\/div>\n\t\t<\/div>\n\t\t\t\t\t\t<\/div>\n\t\t\t\t<\/div>\n\t\t\t\t<div class=\"elementor-element elementor-element-c23fdeb elementor-widget elementor-widget-progress\" data-id=\"c23fdeb\" data-element_type=\"widget\" data-e-type=\"widget\" data-widget_type=\"progress.default\">\n\t\t\t\t<div class=\"elementor-widget-container\">\n\t\t\t\t\t\t\t\t<span class=\"elementor-title\" id=\"elementor-progress-bar-c23fdeb\">\n\t\t\t\tPneumatique\t\t\t<\/span>\n\t\t\n\t\t<div aria-labelledby=\"elementor-progress-bar-c23fdeb\" class=\"elementor-progress-wrapper\" role=\"progressbar\" aria-valuemin=\"0\" aria-valuemax=\"100\" aria-valuenow=\"90\" aria-valuetext=\"90% (Pneumatique)\">\n\t\t\t<div class=\"elementor-progress-bar\" data-max=\"90\">\n\t\t\t\t<span class=\"elementor-progress-text\">Pneumatique<\/span>\n\t\t\t\t\t\t\t\t\t<span class=\"elementor-progress-percentage\">90%<\/span>\n\t\t\t\t\t\t\t<\/div>\n\t\t<\/div>\n\t\t\t\t\t\t<\/div>\n\t\t\t\t<\/div>\n\t\t\t\t<div class=\"elementor-element elementor-element-2ada752 elementor-widget elementor-widget-progress\" data-id=\"2ada752\" data-element_type=\"widget\" data-e-type=\"widget\" data-widget_type=\"progress.default\">\n\t\t\t\t<div class=\"elementor-widget-container\">\n\t\t\t\t\t\t\t\t<span class=\"elementor-title\" id=\"elementor-progress-bar-2ada752\">\n\t\t\t\tRegulation\t\t\t<\/span>\n\t\t\n\t\t<div aria-labelledby=\"elementor-progress-bar-2ada752\" class=\"elementor-progress-wrapper\" role=\"progressbar\" aria-valuemin=\"0\" aria-valuemax=\"100\" aria-valuenow=\"75\" aria-valuetext=\"75% (Regulation)\">\n\t\t\t<div class=\"elementor-progress-bar\" data-max=\"75\">\n\t\t\t\t<span class=\"elementor-progress-text\">Regulation<\/span>\n\t\t\t\t\t\t\t\t\t<span class=\"elementor-progress-percentage\">75%<\/span>\n\t\t\t\t\t\t\t<\/div>\n\t\t<\/div>\n\t\t\t\t\t\t<\/div>\n\t\t\t\t<\/div>\n\t\t\t\t<\/div>\n\t\t\t\t\t<\/div>\n\t\t\t\t<\/div>\n\t\t<div class=\"elementor-element elementor-element-037daaf e-flex e-con-boxed wpr-particle-no wpr-jarallax-no wpr-parallax-no wpr-sticky-section-no e-con e-parent\" data-id=\"037daaf\" data-element_type=\"container\" data-e-type=\"container\" data-settings=\"{&quot;_ha_eqh_enable&quot;:false}\">\n\t\t\t\t\t<div class=\"e-con-inner\">\n\t\t<div class=\"elementor-element elementor-element-ed5653b e-con-full e-flex wpr-particle-no wpr-jarallax-no wpr-parallax-no wpr-sticky-section-no e-con e-child\" data-id=\"ed5653b\" data-element_type=\"container\" data-e-type=\"container\" data-settings=\"{&quot;_ha_eqh_enable&quot;:false}\">\n\t\t\t\t<div class=\"elementor-element elementor-element-3c99014 elementor-widget elementor-widget-image\" data-id=\"3c99014\" data-element_type=\"widget\" data-e-type=\"widget\" data-widget_type=\"image.default\">\n\t\t\t\t<div class=\"elementor-widget-container\">\n\t\t\t\t\t\t\t\t\t\t\t\t\t\t\t<img fetchpriority=\"high\" decoding=\"async\" width=\"2560\" height=\"1703\" src=\"https:\/\/koyabicenergy.com\/wp-content\/uploads\/2025\/04\/woman-scaled.jpg\" class=\"attachment-full size-full wp-image-265\" alt=\"\" srcset=\"https:\/\/koyabicenergy.com\/wp-content\/uploads\/2025\/04\/woman-scaled.jpg 2560w, https:\/\/koyabicenergy.com\/wp-content\/uploads\/2025\/04\/woman-300x200.jpg 300w, https:\/\/koyabicenergy.com\/wp-content\/uploads\/2025\/04\/woman-1024x681.jpg 1024w, https:\/\/koyabicenergy.com\/wp-content\/uploads\/2025\/04\/woman-768x511.jpg 768w, https:\/\/koyabicenergy.com\/wp-content\/uploads\/2025\/04\/woman-1536x1022.jpg 1536w, https:\/\/koyabicenergy.com\/wp-content\/uploads\/2025\/04\/woman-2048x1363.jpg 2048w\" sizes=\"(max-width: 2560px) 100vw, 2560px\" \/>\t\t\t\t\t\t\t\t\t\t\t\t\t\t\t<\/div>\n\t\t\t\t<\/div>\n\t\t\t\t<\/div>\n\t\t<div class=\"elementor-element elementor-element-2c48f3f e-con-full e-flex wpr-particle-no wpr-jarallax-no wpr-parallax-no wpr-sticky-section-no e-con e-child\" data-id=\"2c48f3f\" data-element_type=\"container\" data-e-type=\"container\" data-settings=\"{&quot;_ha_eqh_enable&quot;:false}\">\n\t\t\t\t<div class=\"elementor-element elementor-element-8c1d043 elementor-widget elementor-widget-heading\" data-id=\"8c1d043\" data-element_type=\"widget\" data-e-type=\"widget\" data-widget_type=\"heading.default\">\n\t\t\t\t<div class=\"elementor-widget-container\">\n\t\t\t\t\t<h2 class=\"elementor-heading-title elementor-size-default\">\u00c0 propos de nous<\/h2>\t\t\t\t<\/div>\n\t\t\t\t<\/div>\n\t\t\t\t<div class=\"elementor-element elementor-element-d8e12ff elementor-widget elementor-widget-text-editor\" data-id=\"d8e12ff\" data-element_type=\"widget\" data-e-type=\"widget\" data-widget_type=\"text-editor.default\">\n\t\t\t\t<div class=\"elementor-widget-container\">\n\t\t\t\t\t\t\t\t\t<p class=\"p1\"><b>Koyabic,\u00a0<\/b>votre partenaire en distribution de mat\u00e9riel \u00e9lectrique et \u00e9lectronique. Nous accompagnons les professionnels du b\u00e2timent, de l\u2019industrie, de la domotique et des t\u00e9l\u00e9communications en leur fournissant des produits fiables, innovants et conformes aux normes en vigueur.<\/p>\t\t\t\t\t\t\t\t<\/div>\n\t\t\t\t<\/div>\n\t\t\t\t<\/div>\n\t\t\t\t\t<\/div>\n\t\t\t\t<\/div>\n\t\t\t\t<\/div>\n\t\t","protected":false},"excerpt":{"rendered":"<p>Acceuil &#8211; \u00c0 Propos Notre expertise Nous sommes sp\u00e9cialis\u00e9s dans la distribution de mat\u00e9riel \u00e9lectrique et \u00e9lectronique pour les professionnels et les particuliers. Gr\u00e2ce \u00e0 une large gamme de produits de qualit\u00e9, issus des plus grandes marques du secteur, nous r\u00e9pondons aux exigences des secteurs industriels, tertiaires, r\u00e9sidentiels et commerciaux. Hydrolique Hydrolique 60% Innstrumentation Innstrumentation 80% Pneumatique Pneumatique 90% Regulation Regulation 75% \u00c0 propos de nous Koyabic,\u00a0votre partenaire en distribution de mat\u00e9riel \u00e9lectrique et \u00e9lectronique. Nous accompagnons les professionnels du b\u00e2timent, de l\u2019industrie, de la domotique et des t\u00e9l\u00e9communications en leur fournissant des produits fiables, innovants et conformes aux normes en vigueur.<\/p>\n","protected":false},"author":1,"featured_media":0,"parent":0,"menu_order":0,"comment_status":"closed","ping_status":"closed","template":"","meta":{"site-sidebar-layout":"no-sidebar","site-content-layout":"","ast-site-content-layout":"full-width-container","site-content-style":"default","site-sidebar-style":"default","ast-global-header-display":"","ast-banner-title-visibility":"","ast-main-header-display":"","ast-hfb-above-header-display":"","ast-hfb-below-header-display":"","ast-hfb-mobile-header-display":"","site-post-title":"disabled","ast-breadcrumbs-content":"","ast-featured-img":"disabled","footer-sml-layout":"","ast-disable-related-posts":"","theme-transparent-header-meta":"","adv-header-id-meta":"","stick-header-meta":"","header-above-stick-meta":"","header-main-stick-meta":"","header-below-stick-meta":"","astra-migrate-meta-layouts":"default","ast-page-background-enabled":"default","ast-page-background-meta":{"desktop":{"background-color":"var(--ast-global-color-5)","background-image":"","background-repeat":"repeat","background-position":"center center","background-size":"auto","background-attachment":"scroll","background-type":"","background-media":"","overlay-type":"","overlay-color":"","overlay-opacity":"","overlay-gradient":""},"tablet":{"background-color":"","background-image":"","background-repeat":"repeat","background-position":"center center","background-size":"auto","background-attachment":"scroll","background-type":"","background-media":"","overlay-type":"","overlay-color":"","overlay-opacity":"","overlay-gradient":""},"mobile":{"background-color":"","background-image":"","background-repeat":"repeat","background-position":"center center","background-size":"auto","background-attachment":"scroll","background-type":"","background-media":"","overlay-type":"","overlay-color":"","overlay-opacity":"","overlay-gradient":""}},"ast-content-background-meta":{"desktop":{"background-color":"var(--ast-global-color-4)","background-image":"","background-repeat":"repeat","background-position":"center center","background-size":"auto","background-attachment":"scroll","background-type":"","background-media":"","overlay-type":"","overlay-color":"","overlay-opacity":"","overlay-gradient":""},"tablet":{"background-color":"var(--ast-global-color-4)","background-image":"","background-repeat":"repeat","background-position":"center center","background-size":"auto","background-attachment":"scroll","background-type":"","background-media":"","overlay-type":"","overlay-color":"","overlay-opacity":"","overlay-gradient":""},"mobile":{"background-color":"var(--ast-global-color-4)","background-image":"","background-repeat":"repeat","background-position":"center center","background-size":"auto","background-attachment":"scroll","background-type":"","background-media":"","overlay-type":"","overlay-color":"","overlay-opacity":"","overlay-gradient":""}},"footnotes":""},"class_list":["post-9","page","type-page","status-publish","hentry"],"yoast_head":"<!-- This site is optimized with the Yoast SEO plugin v27.3 - https:\/\/yoast.com\/product\/yoast-seo-wordpress\/ -->\n<title>\u00c0 propos - KOYABIC ENERGY<\/title>\n<meta name=\"robots\" content=\"index, follow, max-snippet:-1, max-image-preview:large, max-video-preview:-1\" \/>\n<link rel=\"canonical\" href=\"https:\/\/koyabicenergy.com\/index.php\/a-propos\/\" \/>\n<meta property=\"og:locale\" content=\"fr_FR\" \/>\n<meta property=\"og:type\" content=\"article\" \/>\n<meta property=\"og:title\" content=\"\u00c0 propos - KOYABIC ENERGY\" \/>\n<meta property=\"og:description\" content=\"Acceuil &#8211; \u00c0 Propos Notre expertise Nous sommes sp\u00e9cialis\u00e9s dans la distribution de mat\u00e9riel \u00e9lectrique et \u00e9lectronique pour les professionnels et les particuliers. Gr\u00e2ce \u00e0 une large gamme de produits de qualit\u00e9, issus des plus grandes marques du secteur, nous r\u00e9pondons aux exigences des secteurs industriels, tertiaires, r\u00e9sidentiels et commerciaux. Hydrolique Hydrolique 60% Innstrumentation Innstrumentation 80% Pneumatique Pneumatique 90% Regulation Regulation 75% \u00c0 propos de nous Koyabic,\u00a0votre partenaire en distribution de mat\u00e9riel \u00e9lectrique et \u00e9lectronique. Nous accompagnons les professionnels du b\u00e2timent, de l\u2019industrie, de la domotique et des t\u00e9l\u00e9communications en leur fournissant des produits fiables, innovants et conformes aux normes en vigueur.\" \/>\n<meta property=\"og:url\" content=\"https:\/\/koyabicenergy.com\/index.php\/a-propos\/\" \/>\n<meta property=\"og:site_name\" content=\"KOYABIC ENERGY\" \/>\n<meta property=\"article:modified_time\" content=\"2025-05-24T18:54:03+00:00\" \/>\n<meta property=\"og:image\" content=\"http:\/\/koyabicenergy.com\/wp-content\/uploads\/2025\/04\/woman-scaled.jpg\" \/>\n<meta name=\"twitter:card\" content=\"summary_large_image\" \/>\n<meta name=\"twitter:label1\" content=\"Dur\u00e9e de lecture estim\u00e9e\" \/>\n\t<meta name=\"twitter:data1\" content=\"1 minute\" \/>\n<script type=\"application\/ld+json\" class=\"yoast-schema-graph\">{\"@context\":\"https:\\\/\\\/schema.org\",\"@graph\":[{\"@type\":\"WebPage\",\"@id\":\"https:\\\/\\\/koyabicenergy.com\\\/index.php\\\/a-propos\\\/\",\"url\":\"https:\\\/\\\/koyabicenergy.com\\\/index.php\\\/a-propos\\\/\",\"name\":\"\u00c0 propos - KOYABIC ENERGY\",\"isPartOf\":{\"@id\":\"https:\\\/\\\/koyabicenergy.com\\\/#website\"},\"primaryImageOfPage\":{\"@id\":\"https:\\\/\\\/koyabicenergy.com\\\/index.php\\\/a-propos\\\/#primaryimage\"},\"image\":{\"@id\":\"https:\\\/\\\/koyabicenergy.com\\\/index.php\\\/a-propos\\\/#primaryimage\"},\"thumbnailUrl\":\"http:\\\/\\\/koyabicenergy.com\\\/wp-content\\\/uploads\\\/2025\\\/04\\\/woman-scaled.jpg\",\"datePublished\":\"2025-03-25T10:40:41+00:00\",\"dateModified\":\"2025-05-24T18:54:03+00:00\",\"breadcrumb\":{\"@id\":\"https:\\\/\\\/koyabicenergy.com\\\/index.php\\\/a-propos\\\/#breadcrumb\"},\"inLanguage\":\"fr-FR\",\"potentialAction\":[{\"@type\":\"ReadAction\",\"target\":[\"https:\\\/\\\/koyabicenergy.com\\\/index.php\\\/a-propos\\\/\"]}]},{\"@type\":\"ImageObject\",\"inLanguage\":\"fr-FR\",\"@id\":\"https:\\\/\\\/koyabicenergy.com\\\/index.php\\\/a-propos\\\/#primaryimage\",\"url\":\"http:\\\/\\\/koyabicenergy.com\\\/wp-content\\\/uploads\\\/2025\\\/04\\\/woman-scaled.jpg\",\"contentUrl\":\"http:\\\/\\\/koyabicenergy.com\\\/wp-content\\\/uploads\\\/2025\\\/04\\\/woman-scaled.jpg\"},{\"@type\":\"BreadcrumbList\",\"@id\":\"https:\\\/\\\/koyabicenergy.com\\\/index.php\\\/a-propos\\\/#breadcrumb\",\"itemListElement\":[{\"@type\":\"ListItem\",\"position\":1,\"name\":\"Accueil\",\"item\":\"https:\\\/\\\/koyabicenergy.com\\\/\"},{\"@type\":\"ListItem\",\"position\":2,\"name\":\"\u00c0 propos\"}]},{\"@type\":\"WebSite\",\"@id\":\"https:\\\/\\\/koyabicenergy.com\\\/#website\",\"url\":\"https:\\\/\\\/koyabicenergy.com\\\/\",\"name\":\"KOYABIC ENERGY\",\"description\":\"Energie renouvelable\",\"potentialAction\":[{\"@type\":\"SearchAction\",\"target\":{\"@type\":\"EntryPoint\",\"urlTemplate\":\"https:\\\/\\\/koyabicenergy.com\\\/?s={search_term_string}\"},\"query-input\":{\"@type\":\"PropertyValueSpecification\",\"valueRequired\":true,\"valueName\":\"search_term_string\"}}],\"inLanguage\":\"fr-FR\"}]}<\/script>\n<!-- \/ Yoast SEO plugin. -->","yoast_head_json":{"title":"\u00c0 propos - KOYABIC ENERGY","robots":{"index":"index","follow":"follow","max-snippet":"max-snippet:-1","max-image-preview":"max-image-preview:large","max-video-preview":"max-video-preview:-1"},"canonical":"https:\/\/koyabicenergy.com\/index.php\/a-propos\/","og_locale":"fr_FR","og_type":"article","og_title":"\u00c0 propos - KOYABIC ENERGY","og_description":"Acceuil &#8211; \u00c0 Propos Notre expertise Nous sommes sp\u00e9cialis\u00e9s dans la distribution de mat\u00e9riel \u00e9lectrique et \u00e9lectronique pour les professionnels et les particuliers. Gr\u00e2ce \u00e0 une large gamme de produits de qualit\u00e9, issus des plus grandes marques du secteur, nous r\u00e9pondons aux exigences des secteurs industriels, tertiaires, r\u00e9sidentiels et commerciaux. Hydrolique Hydrolique 60% Innstrumentation Innstrumentation 80% Pneumatique Pneumatique 90% Regulation Regulation 75% \u00c0 propos de nous Koyabic,\u00a0votre partenaire en distribution de mat\u00e9riel \u00e9lectrique et \u00e9lectronique. Nous accompagnons les professionnels du b\u00e2timent, de l\u2019industrie, de la domotique et des t\u00e9l\u00e9communications en leur fournissant des produits fiables, innovants et conformes aux normes en vigueur.","og_url":"https:\/\/koyabicenergy.com\/index.php\/a-propos\/","og_site_name":"KOYABIC ENERGY","article_modified_time":"2025-05-24T18:54:03+00:00","og_image":[{"url":"http:\/\/koyabicenergy.com\/wp-content\/uploads\/2025\/04\/woman-scaled.jpg","type":"","width":"","height":""}],"twitter_card":"summary_large_image","twitter_misc":{"Dur\u00e9e de lecture estim\u00e9e":"1 minute"},"schema":{"@context":"https:\/\/schema.org","@graph":[{"@type":"WebPage","@id":"https:\/\/koyabicenergy.com\/index.php\/a-propos\/","url":"https:\/\/koyabicenergy.com\/index.php\/a-propos\/","name":"\u00c0 propos - KOYABIC ENERGY","isPartOf":{"@id":"https:\/\/koyabicenergy.com\/#website"},"primaryImageOfPage":{"@id":"https:\/\/koyabicenergy.com\/index.php\/a-propos\/#primaryimage"},"image":{"@id":"https:\/\/koyabicenergy.com\/index.php\/a-propos\/#primaryimage"},"thumbnailUrl":"http:\/\/koyabicenergy.com\/wp-content\/uploads\/2025\/04\/woman-scaled.jpg","datePublished":"2025-03-25T10:40:41+00:00","dateModified":"2025-05-24T18:54:03+00:00","breadcrumb":{"@id":"https:\/\/koyabicenergy.com\/index.php\/a-propos\/#breadcrumb"},"inLanguage":"fr-FR","potentialAction":[{"@type":"ReadAction","target":["https:\/\/koyabicenergy.com\/index.php\/a-propos\/"]}]},{"@type":"ImageObject","inLanguage":"fr-FR","@id":"https:\/\/koyabicenergy.com\/index.php\/a-propos\/#primaryimage","url":"http:\/\/koyabicenergy.com\/wp-content\/uploads\/2025\/04\/woman-scaled.jpg","contentUrl":"http:\/\/koyabicenergy.com\/wp-content\/uploads\/2025\/04\/woman-scaled.jpg"},{"@type":"BreadcrumbList","@id":"https:\/\/koyabicenergy.com\/index.php\/a-propos\/#breadcrumb","itemListElement":[{"@type":"ListItem","position":1,"name":"Accueil","item":"https:\/\/koyabicenergy.com\/"},{"@type":"ListItem","position":2,"name":"\u00c0 propos"}]},{"@type":"WebSite","@id":"https:\/\/koyabicenergy.com\/#website","url":"https:\/\/koyabicenergy.com\/","name":"KOYABIC ENERGY","description":"Energie renouvelable","potentialAction":[{"@type":"SearchAction","target":{"@type":"EntryPoint","urlTemplate":"https:\/\/koyabicenergy.com\/?s={search_term_string}"},"query-input":{"@type":"PropertyValueSpecification","valueRequired":true,"valueName":"search_term_string"}}],"inLanguage":"fr-FR"}]}},"_links":{"self":[{"href":"https:\/\/koyabicenergy.com\/index.php\/wp-json\/wp\/v2\/pages\/9","targetHints":{"allow":["GET"]}}],"collection":[{"href":"https:\/\/koyabicenergy.com\/index.php\/wp-json\/wp\/v2\/pages"}],"about":[{"href":"https:\/\/koyabicenergy.com\/index.php\/wp-json\/wp\/v2\/types\/page"}],"author":[{"embeddable":true,"href":"https:\/\/koyabicenergy.com\/index.php\/wp-json\/wp\/v2\/users\/1"}],"replies":[{"embeddable":true,"href":"https:\/\/koyabicenergy.com\/index.php\/wp-json\/wp\/v2\/comments?post=9"}],"version-history":[{"count":15,"href":"https:\/\/koyabicenergy.com\/index.php\/wp-json\/wp\/v2\/pages\/9\/revisions"}],"predecessor-version":[{"id":387,"href":"https:\/\/koyabicenergy.com\/index.php\/wp-json\/wp\/v2\/pages\/9\/revisions\/387"}],"wp:attachment":[{"href":"https:\/\/koyabicenergy.com\/index.php\/wp-json\/wp\/v2\/media?parent=9"}],"curies":[{"name":"wp","href":"https:\/\/api.w.org\/{rel}","templated":true}]}}